{"id":397,"date":"2025-05-20T18:29:20","date_gmt":"2025-05-20T16:29:20","guid":{"rendered":"https:\/\/ecp880.eu\/?page_id=397"},"modified":"2025-09-16T17:49:54","modified_gmt":"2025-09-16T15:49:54","slug":"inicio","status":"publish","type":"page","link":"https:\/\/ecp880.eu\/pt-pt\/","title":{"rendered":"Home"},"content":{"rendered":"<div class=\"wpb-content-wrapper\"><p>[vc_row type=&#8221;full_width_section&#8221; bg_image=&#8221;573&#8243; text_color=&#8221;light&#8221; top_padding=&#8221;0&#8243; bottom_padding=&#8221;50&#8243; class=&#8221;customclass3&#8243; bg_position=&#8221;center top&#8221;][vc_column width=&#8221;1\/4&#8243;][\/vc_column][vc_column animation=&#8221;fade-in-from-left&#8221; width=&#8221;1\/2&#8243;]<div class=\"spacer\" style=\"height: 400px;\"><\/div><div class=\"minti_boxedholder   clearfix\" style=\"padding: 40px 20px 40px 20px; margin: 0px 0px 0px 0px; background-color: rgba(0,0,0,0.3); \"><h1 class=\"headline font-inherit fontsize-xxxxl fontweight-400 lh-14 align-center transform-inherit \" style=\"margin: 0 0 0px 0; color: #f9f9f9;\">Forma\u00e7\u00e3o 8 80 em seguran\u00e7a de produto e sustentabilidade no novo quadro legal da UE<\/h1><\/div><div class=\"spacer\" style=\"height: 100px;\"><\/div>[\/vc_column][vc_column width=&#8221;1\/4&#8243;][\/vc_column][\/vc_row][vc_row bg_color=&#8221;#c9b42e&#8221; top_padding=&#8221;80&#8243; bottom_padding=&#8221;80&#8243;][vc_column text_align=&#8221;center&#8221; width=&#8221;1\/6&#8243;][vc_icon type=&#8221;openiconic&#8221; icon_openiconic=&#8221;vc-oi vc-oi-quote-left&#8221; color=&#8221;black&#8221; size=&#8221;lg&#8221; align=&#8221;center&#8221; css_animation=&#8221;bounceIn&#8221; css=&#8221;.vc_custom_1754032758906{padding-top: 20px !important;}&#8221;][\/vc_column][vc_column text_align=&#8221;center&#8221; width=&#8221;4\/6&#8243;][vc_column_text css_animation=&#8221;fadeIn&#8221;]<\/p>\n<h2 style=\"text-align: center;\"><em>A abordagem 8 80 do projeto \u00e9 inspirada na iniciativa do urbanista Gil Penalosa 8 80 Cities: \u201cSe criarmos cidades que funcionem bem para uma pessoa de 8 anos e uma de 80 anos, ser\u00e3o boas para todos.\u201d\u00a0 <\/em><\/h2>\n<p>[\/vc_column_text][\/vc_column][vc_column width=&#8221;1\/6&#8243;][vc_icon type=&#8221;openiconic&#8221; icon_openiconic=&#8221;vc-oi vc-oi-quote-right&#8221; color=&#8221;black&#8221; size=&#8221;lg&#8221; align=&#8221;center&#8221; css_animation=&#8221;bounceIn&#8221; css=&#8221;.vc_custom_1754032777354{padding-top: 20px !important;}&#8221;][\/vc_column][\/vc_row][vc_row text_align=&#8221;center&#8221; top_padding=&#8221;60&#8243; bottom_padding=&#8221;40&#8243; bg_position=&#8221;left top&#8221;][vc_column animation=&#8221;fade-in&#8221; text_align=&#8221;center&#8221; width=&#8221;1\/1&#8243;]<h2 class=\"headline font-inherit fontsize-xxxxl fontweight-400 lh-inherit align-center transform-inherit \" style=\"margin: 0 0 0px 0;\">O que \u00e9 o ECP 8 80?<\/h2><div class=\"newdivider align-center\" style=\"border-bottom-style: solid; border-color: #00609e; border-bottom-width: 5px; margin-top: 0px; margin-bottom: 20px; width: 20%; \"><\/div><div class=\"clear\"><\/div><h3 class=\"headline font-inherit fontsize-l fontweight-400 lh-inherit align-center transform-inherit \" style=\"margin: 0 0 20px 0; color: #00609e;\">O ECP 8 80 \u00e9 um projeto financiado pelo programa Erasmus+ com dois resultados principais:<\/h3>[\/vc_column][\/vc_row][vc_row bottom_padding=&#8221;60&#8243;][vc_column animation=&#8221;fade-in-from-top&#8221; bg_color=&#8221;#00609e&#8221; column_padding=&#8221;padding-4&#8243; text_color=&#8221;light&#8221; width=&#8221;1\/2&#8243;]<h3 class=\"headline font-inherit fontsize-xl fontweight-inherit lh-inherit align-left transform-uppercase \" style=\"margin: 0 0 20px 0;\">UM TOOLKIT DIGITAL INOVADOR COM RECURSOS ATUALIZADOS SOBRE:<\/h3><div class=\"minti_list wpb_content_element color-grey circlearrow show_separator\" style=\"\">\n<ul style=\"font-size: 18px;\">\n<li><strong>Seguran\u00e7a de Produtos<\/strong><\/li>\n<li><strong>Sustentabilidade e Passaporte Digital de Produtos<\/strong><\/li>\n<li><strong>Direitos do Consumidor<\/strong><\/li>\n<li><strong>O novo papel das associa\u00e7\u00f5es de consumidores<\/strong><\/li>\n<\/ul>\n<\/div><a href=\"\/pt-pt\/toolkit\" target=\"_self\" class=\"button color-7 medium \" style=\"border-radius: 2px;\">ACEDA AO TOOLKIT<\/a>[\/vc_column][vc_column animation=&#8221;fade-in-from-bottom&#8221; bg_color=&#8221;#36a5dd&#8221; column_padding=&#8221;padding-4&#8243; column_center=&#8221;true&#8221; text_color=&#8221;light&#8221; width=&#8221;1\/2&#8243;]<h3 class=\"headline font-inherit fontsize-xl fontweight-inherit lh-inherit align-left transform-uppercase \" style=\"margin: 0 0 20px 0;\">ATIVIDADES DE FORMA\u00c7\u00c3O GRATUITAS<\/h3><div class=\"minti_list wpb_content_element color-grey plus show_separator\" style=\"\">\n<ul style=\"font-size: 18px;\">\n<li><strong>Sess\u00f5es virtuais &#8220;Safer Consumer Mornings&#8221;<\/strong><\/li>\n<li><strong>Workshops presenciais em Espanha em 2025 e em Portugal em 2026<\/strong><\/li>\n<\/ul>\n<\/div><h3 class=\"headline font-inherit fontsize-l fontweight-inherit lh-inherit align-left transform-inherit \" style=\"margin: 0 0 20px 0;\">Quer participar nas a\u00e7\u00f5es formativas?<\/h3><a href=\"\/pt-pt\/contacto\" target=\"_self\" class=\"button color-7 medium \" style=\"border-radius: 2px;\">REGISTE-SE AQUI<\/a>[\/vc_column][\/vc_row][vc_row bg_image=&#8221;349&#8243; parallax_bg=&#8221;true&#8221; bg_color=&#8221;rgba(255,255,255,0.37)&#8221; text_align=&#8221;center&#8221; top_padding=&#8221;80&#8243; bottom_padding=&#8221;80&#8243; bg_position=&#8221;left top&#8221;][vc_column animation=&#8221;fade-in-from-left&#8221; text_align=&#8221;center&#8221; width=&#8221;1\/1&#8243; delay=&#8221;300&#8243;]<div class=\"minti_boxedholder   clearfix\" style=\"padding: 60px 30px 60px 30px; margin: 0px 0px 0px 0px; background-color: rgba(255,255,255,0.7); border-radius: 10px; \"><h2 class=\"headline font-inherit fontsize-xxxxl fontweight-400 lh-14 align-center transform-inherit \" style=\"margin: 0 0 30px 0; color: #000000;\">A quem se destina?<\/h2><h3 class=\"headline font-inherit fontsize-xl fontweight-400 lh-14 align-center transform-inherit \" style=\"margin: 40px 20px 0px 20px;\">Profissionais que est\u00e3o envolvidos a n\u00edvel local, nacional e europeu na educa\u00e7\u00e3o do consumidor e que trabalham em:<\/h3><div class=\"newdivider align-center\" style=\"border-bottom-style: solid; border-color: #1e73be; border-bottom-width: 5px; margin-top: 20px; margin-bottom: 50px; width: 100px; \"><\/div><div class=\"clear\"><\/div>[vc_row_inner][vc_column_inner width=&#8221;1\/3&#8243;]<div class=\"iconbox  wpb_content_element iconbox-style-4 icon-color-accent color-dark clearfix\"><div class=\"iconbox-icon\"><img src='https:\/\/ecp880.eu\/wp-content\/uploads\/2025\/07\/icono-organizacion-2.png' class='iconimg' alt='Organiza\u00e7\u00f5es de consumidores' \/><\/div><div class=\"iconbox-content\"><h3>Organiza\u00e7\u00f5es de consumidores<\/h3><p><\/p><\/div><\/div>[\/vc_column_inner][vc_column_inner width=&#8221;1\/3&#8243;]<div class=\"iconbox  wpb_content_element iconbox-style-4 icon-color-accent color-dark clearfix\"><div class=\"iconbox-icon\"><i class=\"fa fa-bank boxicon\" style=\"\"><\/i><\/div><div class=\"iconbox-content\"><h3>Administra\u00e7\u00e3o p\u00fablica<\/h3><p><\/p><\/div><\/div>[\/vc_column_inner][vc_column_inner width=&#8221;1\/3&#8243;]<div class=\"iconbox  wpb_content_element iconbox-style-4 icon-color-accent color-dark clearfix\"><div class=\"iconbox-icon\"><i class=\"fa fa-users boxicon\" style=\"\"><\/i><\/div><div class=\"iconbox-content\"><h3>Outras organiza\u00e7\u00f5es<\/h3><p>centradas na educa\u00e7\u00e3o do consumidor e na prote\u00e7\u00e3o ambiental<\/p><\/div><\/div>[\/vc_column_inner][\/vc_row_inner]<div class=\"spacer\" style=\"height: 40px;\"><\/div>[vc_row_inner][vc_column_inner width=&#8221;1\/3&#8243;]<h4 class=\"headline font-inherit fontsize-xl fontweight-400 lh-14 align-center transform-inherit \" style=\"\">Outros benefici\u00e1rios:<\/h4><div class=\"newdivider align-center\" style=\"border-bottom-style: solid; border-color: #1e73be; border-bottom-width: 5px; margin-top: 0; margin-bottom: 0; width: 100px; \"><\/div><div class=\"clear\"><\/div>[\/vc_column_inner][vc_column_inner width=&#8221;2\/3&#8243;]<div class=\"minti_list wpb_content_element color-accent checkbox show_separator\" style=\"\">\n<ul style=\"font-size: 18px;\">\n<li style=\"text-align: left;\">Empresas<\/li>\n<li style=\"text-align: left;\">Formadores e Estudantes de Ensino Profissional<\/li>\n<li style=\"text-align: left;\">Professores<\/li>\n<\/ul>\n<\/div>[\/vc_column_inner][\/vc_row_inner]<\/div>[\/vc_column][\/vc_row]<\/p>\n<\/div>","protected":false},"excerpt":{"rendered":"<p>[vc_row type=&#8221;full_width_section&#8221; bg_image=&#8221;573&#8243; text_color=&#8221;light&#8221; top_padding=&#8221;0&#8243; bottom_padding=&#8221;50&#8243; class=&#8221;customclass3&#8243; bg_position=&#8221;center top&#8221;][vc_column width=&#8221;1\/4&#8243;][\/vc_column][vc_column animation=&#8221;fade-in-from-left&#8221; width=&#8221;1\/2&#8243;][\/vc_column][vc_column width=&#8221;1\/4&#8243;][\/vc_column][\/vc_row][vc_row bg_color=&#8221;#c9b42e&#8221; top_padding=&#8221;80&#8243; bottom_padding=&#8221;80&#8243;][vc_column text_align=&#8221;center&#8221; width=&#8221;1\/6&#8243;][vc_icon type=&#8221;openiconic&#8221; icon_openiconic=&#8221;vc-oi vc-oi-quote-left&#8221; color=&#8221;black&#8221; size=&#8221;lg&#8221; align=&#8221;center&#8221; css_animation=&#8221;bounceIn&#8221; css=&#8221;.vc_custom_1754032758906{padding-top: 20px !important;}&#8221;][\/vc_column][vc_column text_align=&#8221;center&#8221; width=&#8221;4\/6&#8243;][vc_column_text css_animation=&#8221;fadeIn&#8221;] A abordagem 8 80 do projeto \u00e9 inspirada na iniciativa do urbanista Gil Penalosa 8 80 Cities: \u201cSe criarmos cidades que funcionem bem para uma pessoa de 8 anos e uma de 80 anos, ser\u00e3o boas para todos.\u201d\u00a0 [\/vc_column_text][\/vc_column][vc_column width=&#8221;1\/6&#8243;][vc_icon type=&#8221;openiconic&#8221; icon_openiconic=&#8221;vc-oi vc-oi-quote-right&#8221; color=&#8221;black&#8221; size=&#8221;lg&#8221; align=&#8221;center&#8221; css_animation=&#8221;bounceIn&#8221; css=&#8221;.vc_custom_1754032777354{padding-top: 20px !important;}&#8221;][\/vc_column][\/vc_row][vc_row text_align=&#8221;center&#8221; top_padding=&#8221;60&#8243; bottom_padding=&#8221;40&#8243; bg_position=&#8221;left top&#8221;][vc_column animation=&#8221;fade-in&#8221; text_align=&#8221;center&#8221; width=&#8221;1\/1&#8243;][\/vc_column][\/vc_row][vc_row bottom_padding=&#8221;60&#8243;][vc_column animation=&#8221;fade-in-from-top&#8221; bg_color=&#8221;#00609e&#8221; column_padding=&#8221;padding-4&#8243; text_color=&#8221;light&#8221; width=&#8221;1\/2&#8243;][\/vc_column][vc_column animation=&#8221;fade-in-from-bottom&#8221; bg_color=&#8221;#36a5dd&#8221; column_padding=&#8221;padding-4&#8243; column_center=&#8221;true&#8221; text_color=&#8221;light&#8221; width=&#8221;1\/2&#8243;][\/vc_column][\/vc_row][vc_row bg_image=&#8221;349&#8243; parallax_bg=&#8221;true&#8221; bg_color=&#8221;rgba(255,255,255,0.37)&#8221; text_align=&#8221;center&#8221; top_padding=&#8221;80&#8243; bottom_padding=&#8221;80&#8243; bg_position=&#8221;left top&#8221;][vc_column animation=&#8221;fade-in-from-left&#8221; text_align=&#8221;center&#8221; width=&#8221;1\/1&#8243; delay=&#8221;300&#8243;][\/vc_column][\/vc_row]<\/p>\n","protected":false},"author":1,"featured_media":262,"parent":0,"menu_order":0,"comment_status":"closed","ping_status":"closed","template":"","meta":{"footnotes":""},"class_list":["post-397","page","type-page","status-publish","has-post-thumbnail","hentry"],"_links":{"self":[{"href":"https:\/\/ecp880.eu\/pt-pt\/wp-json\/wp\/v2\/pages\/397","targetHints":{"allow":["GET"]}}],"collection":[{"href":"https:\/\/ecp880.eu\/pt-pt\/wp-json\/wp\/v2\/pages"}],"about":[{"href":"https:\/\/ecp880.eu\/pt-pt\/wp-json\/wp\/v2\/types\/page"}],"author":[{"embeddable":true,"href":"https:\/\/ecp880.eu\/pt-pt\/wp-json\/wp\/v2\/users\/1"}],"replies":[{"embeddable":true,"href":"https:\/\/ecp880.eu\/pt-pt\/wp-json\/wp\/v2\/comments?post=397"}],"version-history":[{"count":13,"href":"https:\/\/ecp880.eu\/pt-pt\/wp-json\/wp\/v2\/pages\/397\/revisions"}],"predecessor-version":[{"id":715,"href":"https:\/\/ecp880.eu\/pt-pt\/wp-json\/wp\/v2\/pages\/397\/revisions\/715"}],"wp:featuredmedia":[{"embeddable":true,"href":"https:\/\/ecp880.eu\/pt-pt\/wp-json\/wp\/v2\/media\/262"}],"wp:attachment":[{"href":"https:\/\/ecp880.eu\/pt-pt\/wp-json\/wp\/v2\/media?parent=397"}],"curies":[{"name":"wp","href":"https:\/\/api.w.org\/{rel}","templated":true}]}}