{"id":447,"date":"2025-05-22T12:22:27","date_gmt":"2025-05-22T10:22:27","guid":{"rendered":"https:\/\/ecp880.eu\/?page_id=447"},"modified":"2025-09-16T18:07:54","modified_gmt":"2025-09-16T16:07:54","slug":"sobre-o-projeto","status":"publish","type":"page","link":"https:\/\/ecp880.eu\/pt-pt\/sobre-o-projeto\/","title":{"rendered":"Sobre o projeto"},"content":{"rendered":"<div class=\"wpb-content-wrapper\"><p>[vc_row top_padding=&#8221;40&#8243; bottom_padding=&#8221;50&#8243;][vc_column width=&#8221;1\/1&#8243;]<h3 class=\"headline font-inherit fontsize-xxl fontweight-inherit lh-inherit align-center transform-inherit \" style=\"margin: 0 0 0px 0;\">A nossa miss\u00e3o<\/h3><div class=\"newdivider align-center\" style=\"border-bottom-style: solid; border-color: #00609e; border-bottom-width: 5px; margin-top: 0; margin-bottom: 60px; width: 100px; \"><\/div><div class=\"clear\"><\/div>[\/vc_column][vc_column width=&#8221;1\/2&#8243;]<div class=\"iconbox  wpb_content_element iconbox-style-5 icon-color-accent color-dark clearfix\"><div class=\"iconbox-icon\"><img src='https:\/\/ecp880.eu\/wp-content\/uploads\/2025\/07\/profesor-2.png' class='iconimg' alt='Capacitar profissionais de educa\u00e7\u00e3o do consumidor no novo quadro jur\u00eddico europeu.' \/><\/div><div class=\"iconbox-content\"><h3>Capacitar profissionais de educa\u00e7\u00e3o do consumidor no novo quadro jur\u00eddico europeu.<\/h3><p><\/p><\/div><\/div><div class=\"iconbox  wpb_content_element iconbox-style-5 icon-color-accent color-dark clearfix\"><div class=\"iconbox-icon\"><img src='https:\/\/ecp880.eu\/wp-content\/uploads\/2025\/07\/organizacion-consumidores-2.png' class='iconimg' alt='Refor\u00e7ar o papel das associa\u00e7\u00f5es de consumidores como agentes-chave de mudan\u00e7a.' \/><\/div><div class=\"iconbox-content\"><h3>Refor\u00e7ar o papel das associa\u00e7\u00f5es de consumidores como agentes-chave de mudan\u00e7a.<\/h3><p><\/p><\/div><\/div>[\/vc_column][vc_column width=&#8221;1\/2&#8243;]<div class=\"iconbox  wpb_content_element iconbox-style-5 icon-color-accent color-dark clearfix\"><div class=\"iconbox-icon\"><img src='https:\/\/ecp880.eu\/wp-content\/uploads\/2025\/07\/enfoque-8-80-2.png' class='iconimg' alt='Incluir todos os perfis de consumidores, especialmente os mais vulner\u00e1veis, atrav\u00e9s da abordagem 8 80.' \/><\/div><div class=\"iconbox-content\"><h3>Incluir todos os perfis de consumidores, especialmente os mais vulner\u00e1veis, atrav\u00e9s da abordagem 8 80.<\/h3><p><\/p><\/div><\/div><div class=\"iconbox  wpb_content_element iconbox-style-5 icon-color-accent color-dark clearfix\"><div class=\"iconbox-icon\"><img src='https:\/\/ecp880.eu\/wp-content\/uploads\/2025\/07\/digital-eco-2.png' class='iconimg' alt='Promover compet\u00eancias verdes e digitais no ensino e forma\u00e7\u00e3o profissional.' \/><\/div><div class=\"iconbox-content\"><h3>Promover compet\u00eancias verdes e digitais no ensino e forma\u00e7\u00e3o profissional.<\/h3><p><\/p><\/div><\/div>[\/vc_column][vc_column width=&#8221;1\/1&#8243;][vc_separator css=&#8221;.vc_custom_1750350410816{padding-top: 60px !important;}&#8221;][\/vc_column][\/vc_row][vc_row top_padding=&#8221;30&#8243;][vc_column width=&#8221;1\/1&#8243;]<h3 class=\"headline font-inherit fontsize-xxl fontweight-inherit lh-inherit align-center transform-inherit \" style=\"margin: 0 0 0px 0;\">O que inclui?<\/h3><div class=\"newdivider align-center\" style=\"border-bottom-style: solid; border-color: #00609e; border-bottom-width: 5px; margin-top: 0; margin-bottom: 60px; width: 100px; \"><\/div><div class=\"clear\"><\/div>[\/vc_column][\/vc_row][vc_row bottom_padding=&#8221;60&#8243;][vc_column animation=&#8221;fade-in-from-top&#8221; bg_color=&#8221;#00609e&#8221; column_padding=&#8221;padding-4&#8243; text_color=&#8221;light&#8221; width=&#8221;1\/2&#8243;]<h3 class=\"headline font-inherit fontsize-xl fontweight-inherit lh-inherit align-left transform-uppercase \" style=\"margin: 0 0 20px 0;\">UM TOOLKIT DIGITAL INOVADOR COM RECURSOS ATUALIZADOS SOBRE:<\/h3><div class=\"minti_list wpb_content_element color-grey circlearrow show_separator\" style=\"\">\n<ul style=\"font-size: 18px;\">\n<li><strong>Seguran\u00e7a de Produtos<\/strong><\/li>\n<li><strong>Sustentabilidade e Passaporte Digital de Produtos<\/strong><\/li>\n<li><strong>Direitos do Consumidor<\/strong><\/li>\n<li><strong>O novo papel das associa\u00e7\u00f5es de consumidores<\/strong><\/li>\n<\/ul>\n<\/div><a href=\"\/pt-pt\/toolkit\" target=\"_self\" class=\"button color-7 medium \" style=\"border-radius: 2px;\">ACEDA AO TOOLKIT<\/a>[\/vc_column][vc_column animation=&#8221;fade-in-from-bottom&#8221; bg_color=&#8221;#36a5dd&#8221; column_padding=&#8221;padding-4&#8243; column_center=&#8221;true&#8221; text_color=&#8221;light&#8221; width=&#8221;1\/2&#8243;]<h3 class=\"headline font-inherit fontsize-xl fontweight-inherit lh-inherit align-left transform-uppercase \" style=\"margin: 0 0 20px 0;\">ATIVIDADES DE FORMA\u00c7\u00c3O GRATUITAS<\/h3><div class=\"minti_list wpb_content_element color-grey plus show_separator\" style=\"\">\n<ul style=\"font-size: 18px;\">\n<li><strong>Sess\u00f5es virtuais &#8220;Safer Consumer Mornings&#8221;<\/strong><\/li>\n<li><strong>Workshops presenciais em Espanha em 2025 e em Portugal em 2026<\/strong><\/li>\n<\/ul>\n<\/div><h3 class=\"headline font-inherit fontsize-l fontweight-inherit lh-inherit align-left transform-inherit \" style=\"margin: 0 0 20px 0;\">Quer participar nas a\u00e7\u00f5es formativas?<\/h3><a href=\"\/pt-pt\/contacto\" target=\"_self\" class=\"button color-7 medium \" style=\"border-radius: 2px;\">REGISTE-SE AQUI<\/a>[\/vc_column][\/vc_row][vc_row top_padding=&#8221;60&#8243;][vc_column width=&#8221;1\/1&#8243;]<h3 class=\"headline font-inherit fontsize-xxl fontweight-inherit lh-inherit align-center transform-inherit \" style=\"margin: 0 0 0px 0;\">Quem est\u00e1 por detr\u00e1s do ECP 8 80?<\/h3><div class=\"newdivider align-center\" style=\"border-bottom-style: solid; border-color: #00609e; border-bottom-width: 5px; margin-top: 0; margin-bottom: 30px; width: 100px; \"><\/div><div class=\"clear\"><\/div><div class=\"headline font-inherit fontsize-l fontweight-inherit lh-14 align-center transform-inherit \" style=\"margin: 0 0 20px 0;\">Um cons\u00f3rcio europeu com experi\u00eancia em forma\u00e7\u00e3o,<br \/>\nseguran\u00e7a infantil e defesa do consumidor:<\/div>[\/vc_column][\/vc_row][vc_row bottom_padding=&#8221;80&#8243;][vc_column width=&#8221;1\/3&#8243;]<div class=\"single_image wpb_content_element align-center  animate  image_zoom \" data-animation=\"fade-in-from-left\" data-delay=\"0\"><img loading=\"lazy\" decoding=\"async\" width=\"265\" height=\"121\" src=\"https:\/\/ecp880.eu\/wp-content\/uploads\/2025\/05\/lucentum-logo.png\" class=\"attachment-medium\" alt=\"\" title=\"lucentum-logo\" \/><\/div><div class=\"headline font-inherit fontsize-s fontweight-inherit lh-14 align-center transform-inherit \" style=\"margin: -20px 0 20px 0;\">LUCENTUM<br \/>\nFedera\u00e7\u00e3o Provincial de Donas de Casa, Consumidores e Utentes de Alicante<\/div>[\/vc_column][vc_column width=&#8221;1\/3&#8243;]<div class=\"spacer\" style=\"height: 60px;\"><\/div><div class=\"single_image wpb_content_element align-center  animate  image_zoom \" data-animation=\"fade-in-from-left\" data-delay=\"0\"><img loading=\"lazy\" decoding=\"async\" width=\"300\" height=\"59\" src=\"https:\/\/ecp880.eu\/wp-content\/uploads\/2025\/05\/AIJU-hrz.png\" class=\"attachment-full\" alt=\"\" title=\"AIJU-hrz\" \/><\/div><div class=\"headline font-inherit fontsize-s fontweight-inherit lh-14 align-center transform-inherit \" style=\"margin: -20px 0 20px 0;\">AIJU<br \/>\nInstituto Tecnol\u00f3gico de Produtos Infantis e de Lazer<\/div>[\/vc_column][vc_column width=&#8221;1\/3&#8243;]<div class=\"spacer\" style=\"height: 40px;\"><\/div><div class=\"single_image wpb_content_element align-center  animate  image_zoom \" data-animation=\"fade-in-from-left\" data-delay=\"0\"><img loading=\"lazy\" decoding=\"async\" width=\"300\" height=\"78\" src=\"https:\/\/ecp880.eu\/wp-content\/uploads\/2025\/05\/APSI-logo.png\" class=\"attachment-full\" alt=\"\" title=\"APSI-logo\" \/><\/div><div class=\"headline font-inherit fontsize-s fontweight-inherit lh-14 align-center transform-inherit \" style=\"margin: -20px 0 20px 0;\">APSI<br \/>\nAssocia\u00e7\u00e3o para a Promo\u00e7\u00e3o da Seguran\u00e7a Infantil<\/div>[\/vc_column][\/vc_row]<\/p>\n<\/div>","protected":false},"excerpt":{"rendered":"<p>[vc_row top_padding=&#8221;40&#8243; bottom_padding=&#8221;50&#8243;][vc_column width=&#8221;1\/1&#8243;][\/vc_column][vc_column width=&#8221;1\/2&#8243;][\/vc_column][vc_column width=&#8221;1\/2&#8243;][\/vc_column][vc_column width=&#8221;1\/1&#8243;][vc_separator css=&#8221;.vc_custom_1750350410816{padding-top: 60px !important;}&#8221;][\/vc_column][\/vc_row][vc_row top_padding=&#8221;30&#8243;][vc_column width=&#8221;1\/1&#8243;][\/vc_column][\/vc_row][vc_row bottom_padding=&#8221;60&#8243;][vc_column animation=&#8221;fade-in-from-top&#8221; bg_color=&#8221;#00609e&#8221; column_padding=&#8221;padding-4&#8243; text_color=&#8221;light&#8221; width=&#8221;1\/2&#8243;][\/vc_column][vc_column animation=&#8221;fade-in-from-bottom&#8221; bg_color=&#8221;#36a5dd&#8221; column_padding=&#8221;padding-4&#8243; column_center=&#8221;true&#8221; text_color=&#8221;light&#8221; width=&#8221;1\/2&#8243;][\/vc_column][\/vc_row][vc_row top_padding=&#8221;60&#8243;][vc_column width=&#8221;1\/1&#8243;][\/vc_column][\/vc_row][vc_row bottom_padding=&#8221;80&#8243;][vc_column width=&#8221;1\/3&#8243;][\/vc_column][vc_column width=&#8221;1\/3&#8243;][\/vc_column][vc_column width=&#8221;1\/3&#8243;][\/vc_column][\/vc_row]<\/p>\n","protected":false},"author":1,"featured_media":0,"parent":0,"menu_order":0,"comment_status":"closed","ping_status":"closed","template":"","meta":{"footnotes":""},"class_list":["post-447","page","type-page","status-publish","hentry"],"_links":{"self":[{"href":"https:\/\/ecp880.eu\/pt-pt\/wp-json\/wp\/v2\/pages\/447","targetHints":{"allow":["GET"]}}],"collection":[{"href":"https:\/\/ecp880.eu\/pt-pt\/wp-json\/wp\/v2\/pages"}],"about":[{"href":"https:\/\/ecp880.eu\/pt-pt\/wp-json\/wp\/v2\/types\/page"}],"author":[{"embeddable":true,"href":"https:\/\/ecp880.eu\/pt-pt\/wp-json\/wp\/v2\/users\/1"}],"replies":[{"embeddable":true,"href":"https:\/\/ecp880.eu\/pt-pt\/wp-json\/wp\/v2\/comments?post=447"}],"version-history":[{"count":9,"href":"https:\/\/ecp880.eu\/pt-pt\/wp-json\/wp\/v2\/pages\/447\/revisions"}],"predecessor-version":[{"id":724,"href":"https:\/\/ecp880.eu\/pt-pt\/wp-json\/wp\/v2\/pages\/447\/revisions\/724"}],"wp:attachment":[{"href":"https:\/\/ecp880.eu\/pt-pt\/wp-json\/wp\/v2\/media?parent=447"}],"curies":[{"name":"wp","href":"https:\/\/api.w.org\/{rel}","templated":true}]}}