{"id":452,"date":"2025-05-22T14:09:59","date_gmt":"2025-05-22T12:09:59","guid":{"rendered":"https:\/\/ecp880.eu\/?page_id=452"},"modified":"2025-10-28T17:09:10","modified_gmt":"2025-10-28T16:09:10","slug":"toolkit","status":"publish","type":"page","link":"https:\/\/ecp880.eu\/pt-pt\/toolkit\/","title":{"rendered":"Toolkit"},"content":{"rendered":"<div class=\"wpb-content-wrapper\"><p>[vc_row type=&#8221;full_width_section&#8221; bg_image=&#8221;695&#8243; top_padding=&#8221;200&#8243; bottom_padding=&#8221;100&#8243;][vc_column width=&#8221;1\/4&#8243;][\/vc_column][vc_column animation=&#8221;fade-in-from-left&#8221; width=&#8221;1\/2&#8243;]<div class=\"minti_boxedholder   clearfix\" style=\"padding: 40px 40px 40px 40px; margin: 0px 0px 0px 0px; background-color: rgba(252,252,252,0.76); \">[vc_single_image image=&#8221;615&#8243; img_size=&#8221;full&#8221; alignment=&#8221;center&#8221; css_animation=&#8221;none&#8221; css=&#8221;&#8221;]<div class=\"headline font-inherit fontsize-l fontweight-inherit lh-14 align-center transform-inherit \" style=\"margin: 0 0 20px 0;\">O Toolkit ECP 8 80 \u00e9 um conjunto de recursos educativos desenvolvidos para apoiar:<\/div><div class=\"headline font-inherit fontsize-m fontweight-inherit lh-14 align-center transform-inherit \" style=\"margin: 0 0 20px 0;\">profissionais de defesa do consumidor, t\u00e9cnicos e formadores a compreender e ensinar as altera\u00e7\u00f5es introduzidas pela nova legisla\u00e7\u00e3o europeia sobre produtos de consumo seguros e sustent\u00e1veis.<\/div><\/div>[\/vc_column][vc_column width=&#8221;1\/4&#8243;][\/vc_column][\/vc_row][vc_row top_padding=&#8221;80&#8243; bottom_padding=&#8221;30&#8243;][vc_column width=&#8221;1\/1&#8243;]<h3 class=\"headline font-inherit fontsize-xxl fontweight-400 lh-13 align-center transform-inherit \" style=\"margin: 0 0 50px 0;\">Uma ferramenta formativa pr\u00e1tica e acess\u00edvel que inclui, entre outros, infografias, v\u00eddeos, apresenta\u00e7\u00f5es com impacto e materiais complementares sobre:<\/h3>[\/vc_column][\/vc_row][vc_row bottom_padding=&#8221;40&#8243;][vc_column text_align=&#8221;center&#8221; width=&#8221;1\/1&#8243;]<h3 class=\"headline font-inherit fontsize-xxxl fontweight-400 lh-13 align-center transform-inherit \" style=\"margin: 0 0 20px 0; color: #000000;\">TEM\u00c1TICA<\/h3>[\/vc_column][\/vc_row][vc_row][vc_column width=&#8221;1\/2&#8243;]<div class=\"box clearfix style-6 wpb_content_element align-center \" style=\"padding: 40px 40px 65px 40px; \">\n<h1 style=\"text-align: center;\"><strong>1<\/strong><\/h1>\n<h2>Seguran\u00e7a de produtos<\/h2>\n<hr \/>\n<h4><\/h4>\n<a href=\"#\" target=\"_self\" class=\"button color-6 medium \" style=\"border-radius: 2px;\">(CONTE\u00daDOS EM BREVE)<\/a><\/div>[\/vc_column][vc_column width=&#8221;1\/2&#8243;]<div class=\"box clearfix style-5 wpb_content_element align-center \" style=\"padding: 40px 40px 30px 40px; \">\n<h1 style=\"text-align: center;\"><strong>2<\/strong><\/h1>\n<h2>Sustentabilidade e Passaporte Digital de Produtos<\/h2>\n<hr \/>\n<a href=\"#\" target=\"_self\" class=\"button color-3 medium \" style=\"border-radius: 2px;\">(CONTE\u00daDOS EM BREVE)<\/a><\/div>[\/vc_column][\/vc_row][vc_row top_padding=&#8221;40&#8243;][vc_column width=&#8221;1\/2&#8243;]<div class=\"box clearfix style-5 wpb_content_element align-center \" style=\"padding: 40px 40px 65px 40px; \">\n<h1 style=\"text-align: center;\"><strong>3<\/strong><\/h1>\n<h2>Direitos do consumidor<\/h2>\n<hr \/>\n<a href=\"#\" target=\"_self\" class=\"button color-3 medium \" style=\"border-radius: 2px;\">(CONTE\u00daDOS EM BREVE)<\/a><\/div>[\/vc_column][vc_column width=&#8221;1\/2&#8243;]<div class=\"box clearfix style-6 wpb_content_element align-center \" style=\"padding: 40px 40px 30px 40px; \">\n<h1 style=\"text-align: center;\">4<\/h1>\n<h2>O novo papel das associa\u00e7\u00f5es de consumidores<\/h2>\n<hr \/>\n<a href=\"#\" target=\"_self\" class=\"button color-6 medium \" style=\"border-radius: 2px;\">(CONTE\u00daDOS EM BREVE)<\/a><\/div>[\/vc_column][\/vc_row][vc_row top_padding=&#8221;40&#8243; bottom_padding=&#8221;80&#8243;][vc_column width=&#8221;1\/2&#8243;]<div class=\"box clearfix style-6 wpb_content_element align-center \" style=\"padding: 40px 40px 30px 40px; \">\n<h1 style=\"text-align: center;\">5<\/h1>\n<h2><b>Li\u00e7\u00f5es Aprendidas<\/b><\/h2>\n<hr \/>\n<a href=\"#\" target=\"_self\" class=\"button color-6 medium \" style=\"border-radius: 2px;\">(CONTE\u00daDOS EM BREVE)<\/a><\/div>[\/vc_column][vc_column width=&#8221;1\/2&#8243;][\/vc_column][\/vc_row]<\/p>\n<\/div>","protected":false},"excerpt":{"rendered":"<p>[vc_row type=&#8221;full_width_section&#8221; bg_image=&#8221;695&#8243; top_padding=&#8221;200&#8243; bottom_padding=&#8221;100&#8243;][vc_column width=&#8221;1\/4&#8243;][\/vc_column][vc_column animation=&#8221;fade-in-from-left&#8221; width=&#8221;1\/2&#8243;][\/vc_column][vc_column width=&#8221;1\/4&#8243;][\/vc_column][\/vc_row][vc_row top_padding=&#8221;80&#8243; bottom_padding=&#8221;30&#8243;][vc_column width=&#8221;1\/1&#8243;][\/vc_column][\/vc_row][vc_row bottom_padding=&#8221;40&#8243;][vc_column text_align=&#8221;center&#8221; width=&#8221;1\/1&#8243;][\/vc_column][\/vc_row][vc_row][vc_column width=&#8221;1\/2&#8243;][\/vc_column][vc_column width=&#8221;1\/2&#8243;][\/vc_column][\/vc_row][vc_row top_padding=&#8221;40&#8243;][vc_column width=&#8221;1\/2&#8243;][\/vc_column][vc_column width=&#8221;1\/2&#8243;][\/vc_column][\/vc_row][vc_row top_padding=&#8221;40&#8243; bottom_padding=&#8221;80&#8243;][vc_column width=&#8221;1\/2&#8243;][\/vc_column][vc_column width=&#8221;1\/2&#8243;][\/vc_column][\/vc_row]<\/p>\n","protected":false},"author":1,"featured_media":0,"parent":0,"menu_order":0,"comment_status":"closed","ping_status":"closed","template":"","meta":{"footnotes":""},"class_list":["post-452","page","type-page","status-publish","hentry"],"_links":{"self":[{"href":"https:\/\/ecp880.eu\/pt-pt\/wp-json\/wp\/v2\/pages\/452","targetHints":{"allow":["GET"]}}],"collection":[{"href":"https:\/\/ecp880.eu\/pt-pt\/wp-json\/wp\/v2\/pages"}],"about":[{"href":"https:\/\/ecp880.eu\/pt-pt\/wp-json\/wp\/v2\/types\/page"}],"author":[{"embeddable":true,"href":"https:\/\/ecp880.eu\/pt-pt\/wp-json\/wp\/v2\/users\/1"}],"replies":[{"embeddable":true,"href":"https:\/\/ecp880.eu\/pt-pt\/wp-json\/wp\/v2\/comments?post=452"}],"version-history":[{"count":14,"href":"https:\/\/ecp880.eu\/pt-pt\/wp-json\/wp\/v2\/pages\/452\/revisions"}],"predecessor-version":[{"id":771,"href":"https:\/\/ecp880.eu\/pt-pt\/wp-json\/wp\/v2\/pages\/452\/revisions\/771"}],"wp:attachment":[{"href":"https:\/\/ecp880.eu\/pt-pt\/wp-json\/wp\/v2\/media?parent=452"}],"curies":[{"name":"wp","href":"https:\/\/api.w.org\/{rel}","templated":true}]}}