{"id":461,"date":"2025-05-22T16:42:18","date_gmt":"2025-05-22T14:42:18","guid":{"rendered":"https:\/\/ecp880.eu\/?page_id=461"},"modified":"2025-09-16T18:39:54","modified_gmt":"2025-09-16T16:39:54","slug":"contacto","status":"publish","type":"page","link":"https:\/\/ecp880.eu\/pt-pt\/contacto\/","title":{"rendered":"Contacto"},"content":{"rendered":"<div class=\"wpb-content-wrapper\"><p>[vc_row top_padding=&#8221;40&#8243;][vc_column width=&#8221;1\/6&#8243;][\/vc_column][vc_column width=&#8221;2\/3&#8243;]<h3 class=\"headline font-inherit fontsize-xxl fontweight-inherit lh-inherit align-center transform-inherit \" style=\"margin: 0 0 0px 0;\">Contacte-nos!<\/h3><div class=\"newdivider align-center\" style=\"border-bottom-style: solid; border-color: #00609e; border-bottom-width: 5px; margin-top: 0; margin-bottom: 60px; width: 20%; \"><\/div><div class=\"clear\"><\/div>\n<div class=\"wpcf7 no-js\" id=\"wpcf7-f460-o1\" lang=\"es-ES\" dir=\"ltr\" data-wpcf7-id=\"460\">\n<div class=\"screen-reader-response\"><p role=\"status\" aria-live=\"polite\" aria-atomic=\"true\"><\/p> <ul><\/ul><\/div>\n<form action=\"\/pt-pt\/wp-json\/wp\/v2\/pages\/461#wpcf7-f460-o1\" method=\"post\" class=\"wpcf7-form init\" aria-label=\"Formulario de contacto\" novalidate=\"novalidate\" data-status=\"init\">\n<fieldset class=\"hidden-fields-container\"><input type=\"hidden\" name=\"_wpcf7\" value=\"460\" \/><input type=\"hidden\" name=\"_wpcf7_version\" value=\"6.1.3\" \/><input type=\"hidden\" name=\"_wpcf7_locale\" value=\"es_ES\" \/><input type=\"hidden\" name=\"_wpcf7_unit_tag\" value=\"wpcf7-f460-o1\" \/><input type=\"hidden\" name=\"_wpcf7_container_post\" value=\"0\" \/><input type=\"hidden\" name=\"_wpcf7_posted_data_hash\" value=\"\" \/>\n<\/fieldset>\n<h3>Informa\u00e7\u00f5es Pessoais*\n<\/h3>\n<p><span class=\"wpcf7-form-control-wrap\" data-name=\"Nombre\"><input size=\"40\" maxlength=\"400\" class=\"wpcf7-form-control wpcf7-text wpcf7-validates-as-required\" aria-required=\"true\" aria-invalid=\"false\" placeholder=\"Nome Completo\" value=\"\" type=\"text\" name=\"Nombre\" \/><\/span><br \/>\n<span class=\"wpcf7-form-control-wrap\" data-name=\"Email\"><input size=\"40\" maxlength=\"400\" class=\"wpcf7-form-control wpcf7-email wpcf7-validates-as-required wpcf7-text wpcf7-validates-as-email\" aria-required=\"true\" aria-invalid=\"false\" placeholder=\"Endere\u00e7o de Email\" value=\"\" type=\"email\" name=\"Email\" \/><\/span>\n<\/p>\n<h3 style=\"padding-top:20px\">Perfil*:\n<\/h3>\n<p><span class=\"wpcf7-form-control-wrap\" data-name=\"perfil\"><span class=\"wpcf7-form-control wpcf7-checkbox wpcf7-validates-as-required\"><span class=\"wpcf7-list-item first\"><label><input type=\"checkbox\" name=\"perfil[]\" value=\"T\u00e9cnico\/a numa organiza\u00e7\u00e3o de consumidores\" \/><span class=\"wpcf7-list-item-label\">T\u00e9cnico\/a numa organiza\u00e7\u00e3o de consumidores<\/span><\/label><\/span><span class=\"wpcf7-list-item\"><label><input type=\"checkbox\" name=\"perfil[]\" value=\"Funcion\u00e1rio\/a da administra\u00e7\u00e3o p\u00fablica\" \/><span class=\"wpcf7-list-item-label\">Funcion\u00e1rio\/a da administra\u00e7\u00e3o p\u00fablica<\/span><\/label><\/span><span class=\"wpcf7-list-item\"><label><input type=\"checkbox\" name=\"perfil[]\" value=\"Colaborador\/a numa PME\" \/><span class=\"wpcf7-list-item-label\">Colaborador\/a numa PME<\/span><\/label><\/span><span class=\"wpcf7-list-item\"><label><input type=\"checkbox\" name=\"perfil[]\" value=\"Formador\/a\" \/><span class=\"wpcf7-list-item-label\">Formador\/a<\/span><\/label><\/span><span class=\"wpcf7-list-item\"><label><input type=\"checkbox\" name=\"perfil[]\" value=\"Professor\/a\" \/><span class=\"wpcf7-list-item-label\">Professor\/a<\/span><\/label><\/span><span class=\"wpcf7-list-item\"><label><input type=\"checkbox\" name=\"perfil[]\" value=\"Estudiante\" \/><span class=\"wpcf7-list-item-label\">Estudiante<\/span><\/label><\/span><span class=\"wpcf7-list-item last has-free-text\"><label><input type=\"checkbox\" name=\"perfil[]\" value=\"Outro (por favor, especifique)\" \/><span class=\"wpcf7-list-item-label\">Outro (por favor, especifique)<\/span><\/label> <input type=\"text\" name=\"_wpcf7_free_text_perfil\" class=\"wpcf7-free-text\" \/><\/span><\/span><\/span>\n<\/p>\n<h3 style=\"padding-top:20px\">Em que est\u00e1 interessado\/a?*\n<\/h3>\n<p><span class=\"wpcf7-form-control-wrap\" data-name=\"intereses\"><span class=\"wpcf7-form-control wpcf7-checkbox wpcf7-validates-as-required\"><span class=\"wpcf7-list-item first\"><label><input type=\"checkbox\" name=\"intereses[]\" value=\"Toolkit\" \/><span class=\"wpcf7-list-item-label\">Toolkit<\/span><\/label><\/span><span class=\"wpcf7-list-item\"><label><input type=\"checkbox\" name=\"intereses[]\" value=\"A\u00e7\u00f5es de forma\u00e7\u00e3o\" \/><span class=\"wpcf7-list-item-label\">A\u00e7\u00f5es de forma\u00e7\u00e3o<\/span><\/label><\/span><span class=\"wpcf7-list-item\"><label><input type=\"checkbox\" name=\"intereses[]\" value=\"Conhecer os resultados do projeto\" \/><span class=\"wpcf7-list-item-label\">Conhecer os resultados do projeto<\/span><\/label><\/span><span class=\"wpcf7-list-item last\"><label><input type=\"checkbox\" name=\"intereses[]\" value=\"Outro\" \/><span class=\"wpcf7-list-item-label\">Outro<\/span><\/label><\/span><\/span><\/span>\n<\/p>\n<h3 style=\"padding-top:20px\">Mensagem\n<\/h3>\n<p><span class=\"wpcf7-form-control-wrap\" data-name=\"Mensaje\"><textarea cols=\"40\" rows=\"10\" maxlength=\"2000\" class=\"wpcf7-form-control wpcf7-textarea\" aria-invalid=\"false\" name=\"Mensaje\"><\/textarea><\/span>\n<\/p>\n<p style=\"font-size:12px\"><br \/>\nEm conformidade com a legisla\u00e7\u00e3o vigente sobre prote\u00e7\u00e3o de dados, informamos que:<br \/>\n1. RESPONS\u00c1VEL PELO TRATAMENTO DE DADOS: ASOCIACI\u00d3N DE INVESTIGACI\u00d3N DE LA INDUSTRIA DEL JUGUETE, CONEXAS Y AFINES (NIF: G03182862), com sede em AV. DE LA INDUSTRIA, 23. 03440, IBI (ALICANTE), Espanha. Telefone: +34 96 555 44 75.<br \/>\n2. FINALIDADE DO TRATAMENTO DE DADOS:<br \/>\n- Registo no Programa: Gerir o registo, a participa\u00e7\u00e3o e o acompanhamento dos participantes.<br \/>\n- Not\u00edcias: Enviar informa\u00e7\u00f5es sobre o projeto ECP8 80 para o endere\u00e7o de email fornecido pelo\/a utilizador\/a.<br \/>\n3. BASE LEGAL PARA O TRATAMENTO DE DADOS: O tratamento baseia-se no consentimento do\/a titular dos dados.<br \/>\n4. PRAZO DE CONSERVA\u00c7\u00c3O DOS DADOS: Os dados ser\u00e3o conservados, salvo se o\/a utilizador\/a exercer o seu direito ao cancelamento.<br \/>\n5. EXERC\u00cdCIO DOS SEUS DIREITOS: Se desejar cancelar a subscri\u00e7\u00e3o das comunica\u00e7\u00f5es eletr\u00f3nicas, pode faz\u00ea-lo atrav\u00e9s do link no final do email ou enviando um email para\u00a0<a href=\"mailto:proyectosseguridad@aiju.es\">proyectosseguridad@aiju.es<\/a>. Pode exercer os seus direitos de prote\u00e7\u00e3o de dados (acesso, retifica\u00e7\u00e3o, oposi\u00e7\u00e3o, cancelamento, decis\u00f5es automatizadas, limita\u00e7\u00e3o do tratamento, portabilidade) atrav\u00e9s da Ag\u00eancia Espanhola de Prote\u00e7\u00e3o de Dados em\u00a0<a href=\"https:\/\/www.aepd.es\/\">https:\/\/www.aepd.es\/<\/a>. Pode encontrar mais informa\u00e7\u00f5es sobre a nossa pol\u00edtica de privacidade <a href=\"\/pt-pt\/politica-de-privacidade\/\" target=_blank>aqui<\/a>.\n<\/p>\n<p><span class=\"wpcf7-form-control-wrap\" data-name=\"privacidad\"><span class=\"wpcf7-form-control wpcf7-acceptance\"><span class=\"wpcf7-list-item\"><label><input type=\"checkbox\" name=\"privacidad\" value=\"1\" aria-invalid=\"false\" \/><span class=\"wpcf7-list-item-label\">Li e aceito os termos da <a href=\"\/pt-pt\/politica-de-privacidade\/\" target=_blank>pol\u00edtica de privacidade<\/a><\/span><\/label><\/span><\/span><\/span>\n<\/p>\n<p><input class=\"wpcf7-form-control wpcf7-submit has-spinner\" type=\"submit\" value=\"Enviar\" \/>\n<\/p><div class=\"wpcf7-response-output\" aria-hidden=\"true\"><\/div>\n<\/form>\n<\/div>\n[\/vc_column][vc_column width=&#8221;1\/6&#8243;][\/vc_column][\/vc_row]<\/p>\n<\/div>","protected":false},"excerpt":{"rendered":"<p>[vc_row top_padding=&#8221;40&#8243;][vc_column width=&#8221;1\/6&#8243;][\/vc_column][vc_column width=&#8221;2\/3&#8243;][\/vc_column][vc_column width=&#8221;1\/6&#8243;][\/vc_column][\/vc_row]<\/p>\n","protected":false},"author":1,"featured_media":0,"parent":0,"menu_order":0,"comment_status":"closed","ping_status":"closed","template":"","meta":{"footnotes":""},"class_list":["post-461","page","type-page","status-publish","hentry"],"_links":{"self":[{"href":"https:\/\/ecp880.eu\/pt-pt\/wp-json\/wp\/v2\/pages\/461","targetHints":{"allow":["GET"]}}],"collection":[{"href":"https:\/\/ecp880.eu\/pt-pt\/wp-json\/wp\/v2\/pages"}],"about":[{"href":"https:\/\/ecp880.eu\/pt-pt\/wp-json\/wp\/v2\/types\/page"}],"author":[{"embeddable":true,"href":"https:\/\/ecp880.eu\/pt-pt\/wp-json\/wp\/v2\/users\/1"}],"replies":[{"embeddable":true,"href":"https:\/\/ecp880.eu\/pt-pt\/wp-json\/wp\/v2\/comments?post=461"}],"version-history":[{"count":1,"href":"https:\/\/ecp880.eu\/pt-pt\/wp-json\/wp\/v2\/pages\/461\/revisions"}],"predecessor-version":[{"id":462,"href":"https:\/\/ecp880.eu\/pt-pt\/wp-json\/wp\/v2\/pages\/461\/revisions\/462"}],"wp:attachment":[{"href":"https:\/\/ecp880.eu\/pt-pt\/wp-json\/wp\/v2\/media?parent=461"}],"curies":[{"name":"wp","href":"https:\/\/api.w.org\/{rel}","templated":true}]}}