{"id":487,"date":"2025-05-22T17:57:17","date_gmt":"2025-05-22T15:57:17","guid":{"rendered":"https:\/\/ecp880.eu\/?page_id=487"},"modified":"2025-06-27T19:16:19","modified_gmt":"2025-06-27T17:16:19","slug":"politica-de-privacidade","status":"publish","type":"page","link":"https:\/\/ecp880.eu\/pt-pt\/politica-de-privacidade\/","title":{"rendered":"Pol\u00edtica de privacidade"},"content":{"rendered":"<h1 style=\"text-align: center;\"><span style=\"color: #00609e;\">Pol\u00edtica de Privacidade<\/span><\/h1>\n<p>&nbsp;<\/p>\n<p>A presente Pol\u00edtica de Privacidade tem como objetivo inform\u00e1-lo sobre o tratamento dos seus dados pessoais no site https:\/\/www.ecp880.eu. No final do documento, encontrar\u00e1 tamb\u00e9m informa\u00e7\u00f5es que lhe permitir\u00e3o exercer os seus direitos relativamente aos seus dados pessoais.<\/p>\n<h3>DEFINI\u00c7\u00d5ES<\/h3>\n<ul>\n<li>Dados pessoais: qualquer dado que permita identificar direta ou indiretamente uma pessoa singular (apelido, nome, n\u00famero de telefone, endere\u00e7o IP, etc.), por vezes, designado neste documento simplesmente como Dados;<\/li>\n<li>Tratamento ou processamento de dados pessoais: opera\u00e7\u00e3o(\u00f5es) relacionada(s) com os dados pessoais (recolha, armazenamento, extra\u00e7\u00e3o, etc.);<\/li>\n<li>Respons\u00e1vel pelo tratamento: entidade que determina os fins e os meios (porqu\u00ea e como) do tratamento dos seus dados pessoais;<\/li>\n<li>Destinat\u00e1rios: entidades e pessoas com quem o respons\u00e1vel pelo tratamento pode partilhar os dados;<\/li>\n<li>Finalidades: a recolha, o armazenamento, a extra\u00e7\u00e3o, etc. dos dados pessoais.<\/li>\n<li>Base jur\u00eddica: o motivo ou contexto em que nos autoriza a tratar os seus dados pessoais.<\/li>\n<\/ul>\n<p>&nbsp;<\/p>\n<h3>QUEM \u00c9 O RESPONS\u00c1VEL PELO TRATAMENTO DE DADOS?<\/h3>\n<p>A AIJU \u2013 Associa\u00e7\u00e3o de Investiga\u00e7\u00e3o da Ind\u00fastria do Brinquedo, Conexas e Afins \u00e9 respons\u00e1vel pelo processamento e tratamento dos seus dados.<\/p>\n<ul>\n<li class=\"p1\">Identidade do respons\u00e1vel: AIJU \u2013 ASSOCIA\u00c7\u00c3O DE INVESTIGA\u00c7\u00c3O DA IND\u00daSTRIA DO BRINQUEDO, CONEXAS E AFINES, NIF: G03182862<\/li>\n<li class=\"p1\">Morada: AV. DE LA INDUSTRIA, 23. 03440, IBI (ALICANTE)<\/li>\n<li>Email: <a href=\"mailto:proyectosseguridad@aiju.es\">proyectosseguridad@aiju.es<\/a><\/li>\n<li>Telefone: +34 96 555 44 75<\/li>\n<\/ul>\n<p>&nbsp;<\/p>\n<h3>COM QUE FINALIDADE TRATAMOS OS DADOS PESSOAIS?<\/h3>\n<p>No site WWW.ECP880.EU tratamos os dados pessoais com as seguintes finalidades:<\/p>\n<ul>\n<li>Contacto: responder aos pedidos de informa\u00e7\u00e3o recebidos sobre os produtos e servi\u00e7os oferecidos, bem como responder a qualquer outro tipo de consulta enviada pelos utilizadores.<\/li>\n<li>Pr\u00e9-inscri\u00e7\u00e3o em atividades: A finalidade do tratamento dos dados baseia-se na gest\u00e3o da pr\u00e9-inscri\u00e7\u00e3o, participa\u00e7\u00e3o, forma\u00e7\u00e3o e acompanhamento dos participantes nas atividades do ECP8 80.<\/li>\n<li>Informa\u00e7\u00e3o sobre eventos: Envio por correio eletr\u00f3nico para o endere\u00e7o fornecido pelo utilizador de informa\u00e7\u00f5es sobre eventos relacionados com os seguintes temas: apresenta\u00e7\u00e3o de resultados, seguran\u00e7a de produtos, novas tecnologias aplicadas \u00e0 prote\u00e7\u00e3o e seguran\u00e7a dos produtos, direitos dos consumidores e sustentabilidade<\/li>\n<\/ul>\n<p>&nbsp;<\/p>\n<h3>BASE JUR\u00cdDICA PARA O TRATAMENTO DE DADOS<\/h3>\n<p>Ao aceder ao nosso site e preencher os formul\u00e1rios ou ao enviar-nos dados atrav\u00e9s dos meios eletr\u00f3nicos de contacto indicados, o utilizador aceita a presente Pol\u00edtica de Privacidade. Por este motivo, a base jur\u00eddica para o tratamento de dados assenta no consentimento do utilizador. Isto aplica-se ao tratamento dos dados recolhidos atrav\u00e9s do seguintes meios:<\/p>\n<ul>\n<li>Formul\u00e1rio de contacto<\/li>\n<li>Formul\u00e1rio de pr\u00e9-inscri\u00e7\u00e3o nas atividades formativas<\/li>\n<li>Newletter<\/li>\n<li>Informa\u00e7\u00e3o sobre eventos<\/li>\n<\/ul>\n<p>Adicionalmente, informamos que apenas utilizaremos os dados pessoais de acordo com a presente Pol\u00edtica de Privacidade e, de um modo geral, solicitaremos o seu consentimento para utiliza\u00e7\u00f5es diferentes daquelas para as quais foram inicialmente fornecidos. Por fim, informamos que pode cancelar o seu consentimento a qualquer momento; basta contactar-nos atrav\u00e9s dos meios indicados nesta Pol\u00edtica de Privacidade.<\/p>\n<p>&nbsp;<\/p>\n<h3>DURANTE QUANTO TEMPO TRATAMOS OS DADOS PESSOAIS?<\/h3>\n<p>Os seus dados pessoais s\u00e3o armazenados durante o tempo necess\u00e1rio para cumprir as finalidades descritas na presente Pol\u00edtica de Privacidade, em conformidade com a regulamenta\u00e7\u00e3o e legisla\u00e7\u00e3o aplic\u00e1veis em mat\u00e9ria de prote\u00e7\u00e3o de dados pessoais e durante o per\u00edodo necess\u00e1rio para cumprir as obriga\u00e7\u00f5es operacionais. Estes per\u00edodos s\u00e3o detalhados em seguida.<\/p>\n<p>Mais concretamente, os per\u00edodos de conserva\u00e7\u00e3o aplicados aos seus dados s\u00e3o os seguintes:<\/p>\n<ul>\n<li><strong>Contacto<\/strong>: Os seus dados de contacto s\u00e3o guardados para responder aos pedidos de informa\u00e7\u00e3o recebidos sobre os produtos e servi\u00e7os oferecidos, bem como para responder a qualquer outro tipo de quest\u00e3o enviada. Os dados recolhidos e tratados neste \u00e2mbito s\u00e3o guardados durante o tempo necess\u00e1rio para responder ao seu pedido e durante tr\u00eas (3) anos ap\u00f3s o \u00faltimo contacto por parte do utilizador.<\/li>\n<li><strong>Pr\u00e9-inscri\u00e7\u00e3o em atividades de forma\u00e7\u00e3o<\/strong>: Os dados recolhidos s\u00e3o armazenados para efeitos de pr\u00e9-inscri\u00e7\u00e3o em atividades de forma\u00e7\u00e3o. Os dados recolhidos para fins de pr\u00e9-inscri\u00e7\u00e3o s\u00e3o armazenados por um per\u00edodo m\u00e1ximo de tr\u00eas (3) anos a contar da data de recolha ou do \u00faltimo contacto por parte do utilizador.<\/li>\n<li><strong>Informa\u00e7\u00e3o sobre eventos<\/strong>: O seu endere\u00e7o de correio eletr\u00f3nico \u00e9 guardado com a finalidade de lhe enviar informa\u00e7\u00f5es sobre eventos relacionados com os seguintes temas: apresenta\u00e7\u00e3o de resultados, seguran\u00e7a de produtos, novas tecnologias aplicadas \u00e0 prote\u00e7\u00e3o e seguran\u00e7a dos produtos, direitos dos consumidores e sustentabilidade. O seu endere\u00e7o de correio eletr\u00f3nico deixa de ser utilizado para este envio assim que manifestar a sua inten\u00e7\u00e3o de cancelar a subscri\u00e7\u00e3o, por exemplo por email, e ser\u00e1 eliminado caso deixe de ser utilizado para outros fins. Os dados recolhidos para informa\u00e7\u00e3o sobre eventos s\u00e3o guardados por um per\u00edodo m\u00e1ximo de tr\u00eas (3) anos a contar da data da recolha ou do \u00faltimo contacto por parte do utilizador.<\/li>\n<\/ul>\n<p>&nbsp;<\/p>\n<h3>ARMAZENAMENTO E ENVIO DOS SEUS DADOS PESSOAIS<\/h3>\n<p>Os seus dados pessoais s\u00e3o armazenados na Uni\u00e3o Europeia.<\/p>\n<p>Os dados pessoais recolhidos n\u00e3o ser\u00e3o cedidos a terceiros nem tornados p\u00fablicos, em caso algum.<\/p>\n<p>No entanto, existem alguns casos em que os dados pessoais recolhidos podem ser partilhados com terceiros, como nos seguintes casos:<\/p>\n<ul>\n<li>Deu consentimento expresso ou participou voluntariamente na partilha dos seus dados pessoais com um terceiro.<\/li>\n<li>Existe uma obriga\u00e7\u00e3o legal expressa. Por exemplo, podemos transmitir dados para responder a reclama\u00e7\u00f5es apresentadas contra n\u00f3s e para cumprir obriga\u00e7\u00f5es decorrentes de processos administrativos e judiciais.<\/li>\n<\/ul>\n<p>Isto aplica-se aos seguintes aos dados recolhidos pelos seguintes meios:<\/p>\n<ul>\n<li>Formul\u00e1rio de contacto<\/li>\n<li>Formul\u00e1rio de pr\u00e9-inscri\u00e7\u00e3o em atividades de forma\u00e7\u00e3o<\/li>\n<li>Newletter<\/li>\n<li>Informa\u00e7\u00e3o sobre eventos<\/li>\n<\/ul>\n<p>&nbsp;<\/p>\n<h3>QUE DIREITOS PODE EXERCER?<\/h3>\n<p>A prote\u00e7\u00e3o dos dados pessoais \u00e9 um direito fundamental. Por isso, segundo a regulamenta\u00e7\u00e3o europeia, os direitos que lhe assistem s\u00e3o os seguintes:<\/p>\n<ul>\n<li>Acesso: direito de solicitar informa\u00e7\u00f5es ao respons\u00e1vel por um ficheiro sobre se os seus dados pessoais est\u00e3o a ser tratados.<\/li>\n<li>Retifica\u00e7\u00e3o: direito que permite \u00e0 pessoa solicitar a modifica\u00e7\u00e3o de dados que estejam incorretos ou incompletos.<\/li>\n<li>Oposi\u00e7\u00e3o: direito de uma pessoa se opor ao tratamento dos seus dados pessoais ou ao seu fim.<\/li>\n<li>Decis\u00f5es individuais automatizadas: direito a n\u00e3o ser sujeito a uma decis\u00e3o baseada unicamente no tratamento automatizado, incluindo a defini\u00e7\u00e3o de perfis, que tenha impacto legal ou o afete significativamente de forma semelhante.<\/li>\n<li>Limita\u00e7\u00e3o: direito a suspender o tratamento dos dados pessoais do utilizador em determinados casos.<\/li>\n<li>Elimina\u00e7\u00e3o ou Direito ao Esquecimento: direito \u00e0 elimina\u00e7\u00e3o dos dados pessoais do titular.<\/li>\n<li>Portabilidade: direito de solicitar ao respons\u00e1vel pelo tratamento de dados que forne\u00e7a os dados pessoais num formato estruturado e leg\u00edvel a outro respons\u00e1vel.<\/li>\n<\/ul>\n<p>O prazo m\u00e1ximo para resolver o pedido \u00e9 de 30 dias a partir da rece\u00e7\u00e3o, podendo ser prorrogado, no m\u00e1ximo, por um per\u00edodo de 2 meses, sempre que necess\u00e1rio.<\/p>\n<p>Pode exercer os seus direitos atrav\u00e9s dos seguintes meios:<\/p>\n<ul>\n<li>Email para <a href=\"mailto:rgpd@aiju.es\">rgpd@aiju.es<\/a>, apresentando documenta\u00e7\u00e3o que comprove a identidade do requerente (c\u00f3pia da parte da frente do Cart\u00e3o de Cidad\u00e3o ou equivalente)<\/li>\n<li>Correio postal para AV. DE LA INDUSTRIA, 23. 03440, IBI (ALICANTE), apresentando documenta\u00e7\u00e3o que comprove a identidade do requerente (c\u00f3pia da parte da frente do Cart\u00e3o de Cidad\u00e3o ou equivalente)<\/li>\n<\/ul>\n<p>Em qualquer caso, pode apresentar a solicita\u00e7\u00e3o \u00e0 Ag\u00eancia Espanhola de Prote\u00e7\u00e3o de Dados atrav\u00e9s do seu site (<a href=\"https:\/\/www.aepd.es\/\" target=\"_blank\" rel=\"noopener\">https:\/\/www.aepd.es\/<\/a>)<\/p>\n<p>&nbsp;<\/p>\n<h3>SOBRE OS COOKIES<\/h3>\n<p>Por favor, consulte a nossa pol\u00edtica de cookies dispon\u00edvel <a href=\"https:\/\/ecp880.eu\/pt-pt\/politica-de-cookies\/\">aqui<\/a>.<\/p>\n<p>&nbsp;<\/p>\n<h3>ATUALIZA\u00c7\u00c3O DESTA POL\u00cdTICA<\/h3>\n<p>Podemos modificar esta Pol\u00edtica de Privacidade em fun\u00e7\u00e3o da evolu\u00e7\u00e3o da nossa atividade e tamb\u00e9m das exig\u00eancias legais a que estamos sujeitos.<\/p>\n<p>Por favor, consulte-a regularmente, pois indicamos sempre a data da \u00faltima atualiza\u00e7\u00e3o.<\/p>\n<p>&nbsp;<\/p>\n<p>\u00daLTIMA ATUALIZA\u00c7\u00c3O DESTE DOCUMENTO EM 22\/05\/2025<\/p>\n","protected":false},"excerpt":{"rendered":"<p>Pol\u00edtica de Privacidade &nbsp; A presente Pol\u00edtica de Privacidade tem como objetivo inform\u00e1-lo sobre o tratamento dos seus dados pessoais no site https:\/\/www.ecp880.eu. No final do documento, encontrar\u00e1 tamb\u00e9m informa\u00e7\u00f5es que lhe permitir\u00e3o exercer os seus direitos relativamente aos seus dados pessoais. DEFINI\u00c7\u00d5ES Dados pessoais: qualquer dado que permita identificar direta ou indiretamente uma pessoa singular (apelido, nome, n\u00famero de telefone, endere\u00e7o IP, etc.), por vezes, designado neste documento simplesmente como Dados; Tratamento ou processamento de dados pessoais: opera\u00e7\u00e3o(\u00f5es) relacionada(s) com os dados pessoais (recolha, armazenamento, extra\u00e7\u00e3o, etc.); Respons\u00e1vel pelo tratamento: entidade que determina os fins e os meios (porqu\u00ea e como) do tratamento dos seus dados pessoais; Destinat\u00e1rios: entidades e pessoas com quem o respons\u00e1vel pelo tratamento pode partilhar os dados; Finalidades: a recolha, o armazenamento, a extra\u00e7\u00e3o, etc. dos dados pessoais. Base jur\u00eddica: o motivo ou contexto em que nos autoriza a tratar os seus dados pessoais. &nbsp; QUEM \u00c9 O RESPONS\u00c1VEL PELO TRATAMENTO DE DADOS? A AIJU \u2013 Associa\u00e7\u00e3o de Investiga\u00e7\u00e3o da Ind\u00fastria do Brinquedo, Conexas e Afins \u00e9 respons\u00e1vel pelo processamento e tratamento dos seus dados. Identidade do respons\u00e1vel: AIJU \u2013 ASSOCIA\u00c7\u00c3O DE INVESTIGA\u00c7\u00c3O DA IND\u00daSTRIA DO BRINQUEDO, CONEXAS E AFINES, NIF: G03182862 Morada: AV. DE [&hellip;]<\/p>\n","protected":false},"author":1,"featured_media":0,"parent":0,"menu_order":0,"comment_status":"closed","ping_status":"closed","template":"","meta":{"footnotes":""},"class_list":["post-487","page","type-page","status-publish","hentry"],"_links":{"self":[{"href":"https:\/\/ecp880.eu\/pt-pt\/wp-json\/wp\/v2\/pages\/487","targetHints":{"allow":["GET"]}}],"collection":[{"href":"https:\/\/ecp880.eu\/pt-pt\/wp-json\/wp\/v2\/pages"}],"about":[{"href":"https:\/\/ecp880.eu\/pt-pt\/wp-json\/wp\/v2\/types\/page"}],"author":[{"embeddable":true,"href":"https:\/\/ecp880.eu\/pt-pt\/wp-json\/wp\/v2\/users\/1"}],"replies":[{"embeddable":true,"href":"https:\/\/ecp880.eu\/pt-pt\/wp-json\/wp\/v2\/comments?post=487"}],"version-history":[{"count":2,"href":"https:\/\/ecp880.eu\/pt-pt\/wp-json\/wp\/v2\/pages\/487\/revisions"}],"predecessor-version":[{"id":521,"href":"https:\/\/ecp880.eu\/pt-pt\/wp-json\/wp\/v2\/pages\/487\/revisions\/521"}],"wp:attachment":[{"href":"https:\/\/ecp880.eu\/pt-pt\/wp-json\/wp\/v2\/media?parent=487"}],"curies":[{"name":"wp","href":"https:\/\/api.w.org\/{rel}","templated":true}]}}